{"id":2096,"date":"2024-10-27T04:37:07","date_gmt":"2024-10-27T04:37:07","guid":{"rendered":"https:\/\/grupoamber.com.mx\/?page_id=2096"},"modified":"2025-08-26T08:46:58","modified_gmt":"2025-08-26T08:46:58","slug":"establecimientos","status":"publish","type":"page","link":"https:\/\/grupoamber.com.mx\/en\/establecimientos\/","title":{"rendered":"Brands"},"content":{"rendered":"<div data-elementor-type=\"wp-page\" data-elementor-id=\"2096\" class=\"elementor elementor-2096\" data-elementor-post-type=\"page\">\n\t\t\t\t\t\t<section class=\"elementor-section elementor-top-section elementor-element elementor-element-19dd8ac9 elementor-section-content-middle elementor-section-boxed elementor-section-height-default elementor-section-height-default\" data-id=\"19dd8ac9\" data-element_type=\"section\" data-e-type=\"section\" data-settings=\"{&quot;background_background&quot;:&quot;classic&quot;}\">\n\t\t\t\t\t\t<div class=\"elementor-container elementor-column-gap-no\">\n\t\t\t\t\t<div class=\"elementor-column elementor-col-100 elementor-top-column elementor-element elementor-element-7306707\" data-id=\"7306707\" data-element_type=\"column\" data-e-type=\"column\">\n\t\t\t<div class=\"elementor-widget-wrap elementor-element-populated\">\n\t\t\t\t\t\t<div class=\"elementor-element elementor-element-90d28f0 elementor-widget__width-auto elementor-fixed e-transform elementor-widget elementor-widget-global elementor-global-2600 elementor-widget-button\" data-id=\"90d28f0\" data-element_type=\"widget\" data-e-type=\"widget\" data-settings=\"{&quot;_position&quot;:&quot;fixed&quot;,&quot;_transform_translateX_effect&quot;:{&quot;unit&quot;:&quot;px&quot;,&quot;size&quot;:&quot;&quot;,&quot;sizes&quot;:[]},&quot;_transform_translateX_effect_tablet&quot;:{&quot;unit&quot;:&quot;px&quot;,&quot;size&quot;:&quot;&quot;,&quot;sizes&quot;:[]},&quot;_transform_translateX_effect_mobile&quot;:{&quot;unit&quot;:&quot;px&quot;,&quot;size&quot;:&quot;&quot;,&quot;sizes&quot;:[]},&quot;_transform_translateY_effect&quot;:{&quot;unit&quot;:&quot;px&quot;,&quot;size&quot;:&quot;&quot;,&quot;sizes&quot;:[]},&quot;_transform_translateY_effect_tablet&quot;:{&quot;unit&quot;:&quot;px&quot;,&quot;size&quot;:&quot;&quot;,&quot;sizes&quot;:[]},&quot;_transform_translateY_effect_mobile&quot;:{&quot;unit&quot;:&quot;px&quot;,&quot;size&quot;:&quot;&quot;,&quot;sizes&quot;:[]}}\" data-widget_type=\"button.default\">\n\t\t\t\t<div class=\"elementor-widget-container\">\n\t\t\t\t\t\t\t\t\t<div class=\"elementor-button-wrapper\">\n\t\t\t\t\t<a class=\"elementor-button elementor-button-link elementor-size-sm\" href=\"https:\/\/wa.me\/522224710821?text=\u00a1Hola!%20quiero%20m\u00e1s%20informaci\u00f3n\" id=\"whatsapp\">\n\t\t\t\t\t\t<span class=\"elementor-button-content-wrapper\">\n\t\t\t\t\t\t<span class=\"elementor-button-icon\">\n\t\t\t\t<i aria-hidden=\"true\" class=\"fab fa-whatsapp\"><\/i>\t\t\t<\/span>\n\t\t\t\t\t\t\t\t<\/span>\n\t\t\t\t\t<\/a>\n\t\t\t\t<\/div>\n\t\t\t\t\t\t\t\t<\/div>\n\t\t\t\t<\/div>\n\t\t\t\t<div class=\"elementor-element elementor-element-255311b9 elementor-widget elementor-widget-heading\" data-id=\"255311b9\" data-element_type=\"widget\" data-e-type=\"widget\" data-widget_type=\"heading.default\">\n\t\t\t\t<div class=\"elementor-widget-container\">\n\t\t\t\t\t<h4 class=\"elementor-heading-title elementor-size-default\">Brands<\/h4>\t\t\t\t<\/div>\n\t\t\t\t<\/div>\n\t\t\t\t<div class=\"elementor-element elementor-element-0300927 elementor-widget-divider--view-line elementor-widget elementor-widget-divider\" data-id=\"0300927\" data-element_type=\"widget\" data-e-type=\"widget\" data-widget_type=\"divider.default\">\n\t\t\t\t<div class=\"elementor-widget-container\">\n\t\t\t\t\t\t\t<div class=\"elementor-divider\">\n\t\t\t<span class=\"elementor-divider-separator\">\n\t\t\t\t\t\t<\/span>\n\t\t<\/div>\n\t\t\t\t\t\t<\/div>\n\t\t\t\t<\/div>\n\t\t\t\t<div class=\"elementor-element elementor-element-65ddee2f elementor-widget elementor-widget-heading\" data-id=\"65ddee2f\" data-element_type=\"widget\" data-e-type=\"widget\" data-widget_type=\"heading.default\">\n\t\t\t\t<div class=\"elementor-widget-container\">\n\t\t\t\t\t<h5 class=\"elementor-heading-title elementor-size-default\">Establishments<\/h5>\t\t\t\t<\/div>\n\t\t\t\t<\/div>\n\t\t\t\t<section class=\"elementor-section elementor-inner-section elementor-element elementor-element-24f80a06 elementor-section-content-middle elementor-section-boxed elementor-section-height-default elementor-section-height-default\" data-id=\"24f80a06\" data-element_type=\"section\" data-e-type=\"section\">\n\t\t\t\t\t\t<div class=\"elementor-container elementor-column-gap-extended\">\n\t\t\t\t\t<div class=\"elementor-column elementor-col-50 elementor-inner-column elementor-element elementor-element-4f1e5a4f\" data-id=\"4f1e5a4f\" data-element_type=\"column\" data-e-type=\"column\" data-settings=\"{&quot;background_background&quot;:&quot;classic&quot;}\">\n\t\t\t<div class=\"elementor-widget-wrap elementor-element-populated\">\n\t\t\t\t\t\t<div class=\"elementor-element elementor-element-1deea1a0 elementor-position-top elementor-widget elementor-widget-image-box\" data-id=\"1deea1a0\" data-element_type=\"widget\" data-e-type=\"widget\" data-widget_type=\"image-box.default\">\n\t\t\t\t<div class=\"elementor-widget-container\">\n\t\t\t\t\t<div class=\"elementor-image-box-wrapper\"><figure class=\"elementor-image-box-img\"><a href=\"https:\/\/grupoamber.com.mx\/en\/arkana\/\" tabindex=\"-1\"><img decoding=\"async\" src=\"https:\/\/grupoamber.com.mx\/wp-content\/uploads\/elementor\/thumbs\/Foto1-rate98q9elbvqgm8sua12m5dvg0up8fp7gn45ewxuo.webp\" title=\"Foto1\" alt=\"Foto1\" loading=\"lazy\" \/><\/a><\/figure><div class=\"elementor-image-box-content\"><h3 class=\"elementor-image-box-title\"><a href=\"https:\/\/grupoamber.com.mx\/en\/arkana\/\">Arkana Puebla<\/a><\/h3><p class=\"elementor-image-box-description\">Puebla, m\u00e9xico<\/p><\/div><\/div>\t\t\t\t<\/div>\n\t\t\t\t<\/div>\n\t\t\t\t\t<\/div>\n\t\t<\/div>\n\t\t\t\t<div class=\"elementor-column elementor-col-50 elementor-inner-column elementor-element elementor-element-53bb0b0d\" data-id=\"53bb0b0d\" data-element_type=\"column\" data-e-type=\"column\">\n\t\t\t<div class=\"elementor-widget-wrap elementor-element-populated\">\n\t\t\t\t\t\t<div class=\"elementor-element elementor-element-765fbb41 elementor-position-top elementor-widget elementor-widget-image-box\" data-id=\"765fbb41\" data-element_type=\"widget\" data-e-type=\"widget\" data-widget_type=\"image-box.default\">\n\t\t\t\t<div class=\"elementor-widget-container\">\n\t\t\t\t\t<div class=\"elementor-image-box-wrapper\"><figure class=\"elementor-image-box-img\"><a href=\"https:\/\/grupoamber.com.mx\/en\/urban\/\" tabindex=\"-1\"><img fetchpriority=\"high\" decoding=\"async\" width=\"1920\" height=\"1489\" src=\"https:\/\/grupoamber.com.mx\/wp-content\/uploads\/2024\/11\/Foto-1.webp\" class=\"attachment-full size-full wp-image-2180\" alt=\"\" srcset=\"https:\/\/grupoamber.com.mx\/wp-content\/uploads\/2024\/11\/Foto-1.webp 1920w, https:\/\/grupoamber.com.mx\/wp-content\/uploads\/2024\/11\/Foto-1-300x233.webp 300w, https:\/\/grupoamber.com.mx\/wp-content\/uploads\/2024\/11\/Foto-1-1024x794.webp 1024w, https:\/\/grupoamber.com.mx\/wp-content\/uploads\/2024\/11\/Foto-1-768x596.webp 768w, https:\/\/grupoamber.com.mx\/wp-content\/uploads\/2024\/11\/Foto-1-1536x1191.webp 1536w, https:\/\/grupoamber.com.mx\/wp-content\/uploads\/2024\/11\/Foto-1-15x12.webp 15w\" sizes=\"(max-width: 1920px) 100vw, 1920px\" \/><\/a><\/figure><div class=\"elementor-image-box-content\"><h3 class=\"elementor-image-box-title\"><a href=\"https:\/\/grupoamber.com.mx\/en\/urban\/\">Urban Puebla<\/a><\/h3><p class=\"elementor-image-box-description\">Puebla, M\u00e9xico<\/p><\/div><\/div>\t\t\t\t<\/div>\n\t\t\t\t<\/div>\n\t\t\t\t\t<\/div>\n\t\t<\/div>\n\t\t\t\t\t<\/div>\n\t\t<\/section>\n\t\t\t\t<section class=\"elementor-section elementor-inner-section elementor-element elementor-element-72ffd1d7 elementor-section-content-middle elementor-section-boxed elementor-section-height-default elementor-section-height-default\" data-id=\"72ffd1d7\" data-element_type=\"section\" data-e-type=\"section\">\n\t\t\t\t\t\t<div class=\"elementor-container elementor-column-gap-extended\">\n\t\t\t\t\t<div class=\"elementor-column elementor-col-50 elementor-inner-column elementor-element elementor-element-7c6f9349\" data-id=\"7c6f9349\" data-element_type=\"column\" data-e-type=\"column\">\n\t\t\t<div class=\"elementor-widget-wrap elementor-element-populated\">\n\t\t\t\t\t\t<div class=\"elementor-element elementor-element-6f3d4f39 elementor-position-top elementor-widget elementor-widget-image-box\" data-id=\"6f3d4f39\" data-element_type=\"widget\" data-e-type=\"widget\" data-widget_type=\"image-box.default\">\n\t\t\t\t<div class=\"elementor-widget-container\">\n\t\t\t\t\t<div class=\"elementor-image-box-wrapper\"><figure class=\"elementor-image-box-img\"><a href=\"https:\/\/grupoamber.com.mx\/en\/casaarkanazicatela\/\" tabindex=\"-1\"><img decoding=\"async\" width=\"1920\" height=\"1489\" src=\"https:\/\/grupoamber.com.mx\/wp-content\/uploads\/2024\/11\/Foto-1-1.webp\" class=\"attachment-full size-full wp-image-2181\" alt=\"\" srcset=\"https:\/\/grupoamber.com.mx\/wp-content\/uploads\/2024\/11\/Foto-1-1.webp 1920w, https:\/\/grupoamber.com.mx\/wp-content\/uploads\/2024\/11\/Foto-1-1-300x233.webp 300w, https:\/\/grupoamber.com.mx\/wp-content\/uploads\/2024\/11\/Foto-1-1-1024x794.webp 1024w, https:\/\/grupoamber.com.mx\/wp-content\/uploads\/2024\/11\/Foto-1-1-768x596.webp 768w, https:\/\/grupoamber.com.mx\/wp-content\/uploads\/2024\/11\/Foto-1-1-1536x1191.webp 1536w, https:\/\/grupoamber.com.mx\/wp-content\/uploads\/2024\/11\/Foto-1-1-15x12.webp 15w\" sizes=\"(max-width: 1920px) 100vw, 1920px\" \/><\/a><\/figure><div class=\"elementor-image-box-content\"><h3 class=\"elementor-image-box-title\"><a href=\"https:\/\/grupoamber.com.mx\/en\/casaarkanazicatela\/\">Casa Arkana Zicatela<\/a><\/h3><p class=\"elementor-image-box-description\">Puerto escondido, M\u00e9xico<\/p><\/div><\/div>\t\t\t\t<\/div>\n\t\t\t\t<\/div>\n\t\t\t\t\t<\/div>\n\t\t<\/div>\n\t\t\t\t<div class=\"elementor-column elementor-col-50 elementor-inner-column elementor-element elementor-element-55529d3d\" data-id=\"55529d3d\" data-element_type=\"column\" data-e-type=\"column\">\n\t\t\t<div class=\"elementor-widget-wrap elementor-element-populated\">\n\t\t\t\t\t\t<div class=\"elementor-element elementor-element-7875a2ba elementor-position-top elementor-widget elementor-widget-image-box\" data-id=\"7875a2ba\" data-element_type=\"widget\" data-e-type=\"widget\" data-widget_type=\"image-box.default\">\n\t\t\t\t<div class=\"elementor-widget-container\">\n\t\t\t\t\t<div class=\"elementor-image-box-wrapper\"><figure class=\"elementor-image-box-img\"><a href=\"https:\/\/grupoamber.com.mx\/en\/arkana9suites\/\" tabindex=\"-1\"><img decoding=\"async\" width=\"1920\" height=\"1489\" src=\"https:\/\/grupoamber.com.mx\/wp-content\/uploads\/2024\/11\/Foto-1-2.webp\" class=\"attachment-full size-full wp-image-2192\" alt=\"\" srcset=\"https:\/\/grupoamber.com.mx\/wp-content\/uploads\/2024\/11\/Foto-1-2.webp 1920w, https:\/\/grupoamber.com.mx\/wp-content\/uploads\/2024\/11\/Foto-1-2-300x233.webp 300w, https:\/\/grupoamber.com.mx\/wp-content\/uploads\/2024\/11\/Foto-1-2-1024x794.webp 1024w, https:\/\/grupoamber.com.mx\/wp-content\/uploads\/2024\/11\/Foto-1-2-768x596.webp 768w, https:\/\/grupoamber.com.mx\/wp-content\/uploads\/2024\/11\/Foto-1-2-1536x1191.webp 1536w, https:\/\/grupoamber.com.mx\/wp-content\/uploads\/2024\/11\/Foto-1-2-15x12.webp 15w\" sizes=\"(max-width: 1920px) 100vw, 1920px\" \/><\/a><\/figure><div class=\"elementor-image-box-content\"><h3 class=\"elementor-image-box-title\"><a href=\"https:\/\/grupoamber.com.mx\/en\/arkana9suites\/\">Arkana 9 Suites<\/a><\/h3><p class=\"elementor-image-box-description\">Playa del carmen, M\u00e9xico<\/p><\/div><\/div>\t\t\t\t<\/div>\n\t\t\t\t<\/div>\n\t\t\t\t\t<\/div>\n\t\t<\/div>\n\t\t\t\t\t<\/div>\n\t\t<\/section>\n\t\t\t\t<section class=\"elementor-section elementor-inner-section elementor-element elementor-element-a456adf elementor-section-content-middle elementor-section-boxed elementor-section-height-default elementor-section-height-default\" data-id=\"a456adf\" data-element_type=\"section\" data-e-type=\"section\">\n\t\t\t\t\t\t<div class=\"elementor-container elementor-column-gap-extended\">\n\t\t\t\t\t<div class=\"elementor-column elementor-col-50 elementor-inner-column elementor-element elementor-element-b922094\" data-id=\"b922094\" data-element_type=\"column\" data-e-type=\"column\">\n\t\t\t<div class=\"elementor-widget-wrap elementor-element-populated\">\n\t\t\t\t\t\t<div class=\"elementor-element elementor-element-4b1764a elementor-position-top elementor-widget elementor-widget-image-box\" data-id=\"4b1764a\" data-element_type=\"widget\" data-e-type=\"widget\" data-widget_type=\"image-box.default\">\n\t\t\t\t<div class=\"elementor-widget-container\">\n\t\t\t\t\t<div class=\"elementor-image-box-wrapper\"><figure class=\"elementor-image-box-img\"><a href=\"https:\/\/grupoamber.com.mx\/en\/torrediez\/\" tabindex=\"-1\"><img loading=\"lazy\" decoding=\"async\" width=\"1920\" height=\"1489\" src=\"https:\/\/grupoamber.com.mx\/wp-content\/uploads\/2024\/11\/Foto-1-3.webp\" class=\"attachment-full size-full wp-image-2193\" alt=\"\" srcset=\"https:\/\/grupoamber.com.mx\/wp-content\/uploads\/2024\/11\/Foto-1-3.webp 1920w, https:\/\/grupoamber.com.mx\/wp-content\/uploads\/2024\/11\/Foto-1-3-300x233.webp 300w, https:\/\/grupoamber.com.mx\/wp-content\/uploads\/2024\/11\/Foto-1-3-1024x794.webp 1024w, https:\/\/grupoamber.com.mx\/wp-content\/uploads\/2024\/11\/Foto-1-3-768x596.webp 768w, https:\/\/grupoamber.com.mx\/wp-content\/uploads\/2024\/11\/Foto-1-3-1536x1191.webp 1536w, https:\/\/grupoamber.com.mx\/wp-content\/uploads\/2024\/11\/Foto-1-3-15x12.webp 15w\" sizes=\"(max-width: 1920px) 100vw, 1920px\" \/><\/a><\/figure><div class=\"elementor-image-box-content\"><h3 class=\"elementor-image-box-title\"><a href=\"https:\/\/grupoamber.com.mx\/en\/torrediez\/\">Torre Diez<\/a><\/h3><p class=\"elementor-image-box-description\">Playa del carmen, m\u00e9xico<\/p><\/div><\/div>\t\t\t\t<\/div>\n\t\t\t\t<\/div>\n\t\t\t\t\t<\/div>\n\t\t<\/div>\n\t\t\t\t<div class=\"elementor-column elementor-col-50 elementor-inner-column elementor-element elementor-element-6543992\" data-id=\"6543992\" data-element_type=\"column\" data-e-type=\"column\">\n\t\t\t<div class=\"elementor-widget-wrap elementor-element-populated\">\n\t\t\t\t\t\t<div class=\"elementor-element elementor-element-6064769 elementor-position-top elementor-widget elementor-widget-image-box\" data-id=\"6064769\" data-element_type=\"widget\" data-e-type=\"widget\" data-widget_type=\"image-box.default\">\n\t\t\t\t<div class=\"elementor-widget-container\">\n\t\t\t\t\t<div class=\"elementor-image-box-wrapper\"><figure class=\"elementor-image-box-img\"><a href=\"https:\/\/grupoamber.com.mx\/en\/casajacarandas\/\" tabindex=\"-1\"><img loading=\"lazy\" decoding=\"async\" width=\"1920\" height=\"1489\" src=\"https:\/\/grupoamber.com.mx\/wp-content\/uploads\/2024\/11\/Foto-1-4.webp\" class=\"attachment-full size-full wp-image-2194\" alt=\"\" srcset=\"https:\/\/grupoamber.com.mx\/wp-content\/uploads\/2024\/11\/Foto-1-4.webp 1920w, https:\/\/grupoamber.com.mx\/wp-content\/uploads\/2024\/11\/Foto-1-4-300x233.webp 300w, https:\/\/grupoamber.com.mx\/wp-content\/uploads\/2024\/11\/Foto-1-4-1024x794.webp 1024w, https:\/\/grupoamber.com.mx\/wp-content\/uploads\/2024\/11\/Foto-1-4-768x596.webp 768w, https:\/\/grupoamber.com.mx\/wp-content\/uploads\/2024\/11\/Foto-1-4-1536x1191.webp 1536w, https:\/\/grupoamber.com.mx\/wp-content\/uploads\/2024\/11\/Foto-1-4-15x12.webp 15w\" sizes=\"(max-width: 1920px) 100vw, 1920px\" \/><\/a><\/figure><div class=\"elementor-image-box-content\"><h3 class=\"elementor-image-box-title\"><a href=\"https:\/\/grupoamber.com.mx\/en\/casajacarandas\/\">Casa Jacarandas<\/a><\/h3><p class=\"elementor-image-box-description\">Atlixco Puebla, M\u00e9xico<\/p><\/div><\/div>\t\t\t\t<\/div>\n\t\t\t\t<\/div>\n\t\t\t\t\t<\/div>\n\t\t<\/div>\n\t\t\t\t\t<\/div>\n\t\t<\/section>\n\t\t\t\t<section class=\"elementor-section elementor-inner-section elementor-element elementor-element-adcde70 elementor-section-content-middle elementor-section-boxed elementor-section-height-default elementor-section-height-default\" data-id=\"adcde70\" data-element_type=\"section\" data-e-type=\"section\">\n\t\t\t\t\t\t<div class=\"elementor-container elementor-column-gap-extended\">\n\t\t\t\t\t<div class=\"elementor-column elementor-col-50 elementor-inner-column elementor-element elementor-element-5b176c4\" data-id=\"5b176c4\" data-element_type=\"column\" data-e-type=\"column\">\n\t\t\t<div class=\"elementor-widget-wrap elementor-element-populated\">\n\t\t\t\t\t\t<div class=\"elementor-element elementor-element-cf02ca7 elementor-position-top elementor-widget elementor-widget-image-box\" data-id=\"cf02ca7\" data-element_type=\"widget\" data-e-type=\"widget\" data-widget_type=\"image-box.default\">\n\t\t\t\t<div class=\"elementor-widget-container\">\n\t\t\t\t\t<div class=\"elementor-image-box-wrapper\"><figure class=\"elementor-image-box-img\"><a href=\"https:\/\/grupoamber.com.mx\/en\/benditocaprichohotel\/\" tabindex=\"-1\"><img loading=\"lazy\" decoding=\"async\" width=\"1920\" height=\"1280\" src=\"https:\/\/grupoamber.com.mx\/wp-content\/uploads\/2025\/05\/0B8A0104-Mejorado-NR-scaled.webp\" class=\"attachment-full size-full wp-image-2783\" alt=\"\" srcset=\"https:\/\/grupoamber.com.mx\/wp-content\/uploads\/2025\/05\/0B8A0104-Mejorado-NR-scaled.webp 1920w, https:\/\/grupoamber.com.mx\/wp-content\/uploads\/2025\/05\/0B8A0104-Mejorado-NR-300x200.webp 300w, https:\/\/grupoamber.com.mx\/wp-content\/uploads\/2025\/05\/0B8A0104-Mejorado-NR-1024x683.webp 1024w, https:\/\/grupoamber.com.mx\/wp-content\/uploads\/2025\/05\/0B8A0104-Mejorado-NR-768x512.webp 768w, https:\/\/grupoamber.com.mx\/wp-content\/uploads\/2025\/05\/0B8A0104-Mejorado-NR-1536x1024.webp 1536w, https:\/\/grupoamber.com.mx\/wp-content\/uploads\/2025\/05\/0B8A0104-Mejorado-NR-18x12.webp 18w\" sizes=\"(max-width: 1920px) 100vw, 1920px\" \/><\/a><\/figure><div class=\"elementor-image-box-content\"><h3 class=\"elementor-image-box-title\"><a href=\"https:\/\/grupoamber.com.mx\/en\/benditocaprichohotel\/\">Bendito Capricho Hotel<\/a><\/h3><p class=\"elementor-image-box-description\">Chipilo Puebla, m\u00e9xico<\/p><\/div><\/div>\t\t\t\t<\/div>\n\t\t\t\t<\/div>\n\t\t\t\t\t<\/div>\n\t\t<\/div>\n\t\t\t\t<div class=\"elementor-column elementor-col-50 elementor-inner-column elementor-element elementor-element-429aa9e\" data-id=\"429aa9e\" data-element_type=\"column\" data-e-type=\"column\">\n\t\t\t<div class=\"elementor-widget-wrap\">\n\t\t\t\t\t\t\t<\/div>\n\t\t<\/div>\n\t\t\t\t\t<\/div>\n\t\t<\/section>\n\t\t\t\t\t<\/div>\n\t\t<\/div>\n\t\t\t\t\t<\/div>\n\t\t<\/section>\n\t\t\t\t<\/div>","protected":false},"excerpt":{"rendered":"<p>Nuestras marcas Establecimientos Arkana Puebla Puebla, m\u00e9xico Urban Puebla Puebla, M\u00e9xico Casa Arkana Zicatela Puerto escondido, M\u00e9xico Arkana 9 Suites Playa del carmen, M\u00e9xico Torre Diez Playa del carmen, m\u00e9xico Casa Jacarandas Atlixco Puebla, M\u00e9xico Bendito Capricho Hotel Chipilo Puebla, m\u00e9xico<\/p>","protected":false},"author":1,"featured_media":0,"parent":0,"menu_order":0,"comment_status":"closed","ping_status":"closed","template":"","meta":{"site-sidebar-layout":"no-sidebar","site-content-layout":"page-builder","ast-site-content-layout":"full-width-container","site-content-style":"default","site-sidebar-style":"default","ast-global-header-display":"","ast-banner-title-visibility":"","ast-main-header-display":"","ast-hfb-above-header-display":"","ast-hfb-below-header-display":"","ast-hfb-mobile-header-display":"","site-post-title":"disabled","ast-breadcrumbs-content":"","ast-featured-img":"disabled","footer-sml-layout":"","theme-transparent-header-meta":"","adv-header-id-meta":"","stick-header-meta":"","header-above-stick-meta":"","header-main-stick-meta":"","header-below-stick-meta":"","astra-migrate-meta-layouts":"set","ast-page-background-enabled":"default","ast-page-background-meta":{"desktop":{"background-color":"var(--ast-global-color-4)","background-image":"","background-repeat":"repeat","background-position":"center center","background-size":"auto","background-attachment":"scroll","background-type":"","background-media":"","overlay-type":"","overlay-color":"","overlay-opacity":"","overlay-gradient":""},"tablet":{"background-color":"","background-image":"","background-repeat":"repeat","background-position":"center center","background-size":"auto","background-attachment":"scroll","background-type":"","background-media":"","overlay-type":"","overlay-color":"","overlay-opacity":"","overlay-gradient":""},"mobile":{"background-color":"","background-image":"","background-repeat":"repeat","background-position":"center center","background-size":"auto","background-attachment":"scroll","background-type":"","background-media":"","overlay-type":"","overlay-color":"","overlay-opacity":"","overlay-gradient":""}},"ast-content-background-meta":{"desktop":{"background-color":"var(--ast-global-color-5)","background-image":"","background-repeat":"repeat","background-position":"center center","background-size":"auto","background-attachment":"scroll","background-type":"","background-media":"","overlay-type":"","overlay-color":"","overlay-opacity":"","overlay-gradient":""},"tablet":{"background-color":"var(--ast-global-color-5)","background-image":"","background-repeat":"repeat","background-position":"center center","background-size":"auto","background-attachment":"scroll","background-type":"","background-media":"","overlay-type":"","overlay-color":"","overlay-opacity":"","overlay-gradient":""},"mobile":{"background-color":"var(--ast-global-color-5)","background-image":"","background-repeat":"repeat","background-position":"center center","background-size":"auto","background-attachment":"scroll","background-type":"","background-media":"","overlay-type":"","overlay-color":"","overlay-opacity":"","overlay-gradient":""}},"footnotes":""},"class_list":["post-2096","page","type-page","status-publish","hentry"],"_links":{"self":[{"href":"https:\/\/grupoamber.com.mx\/en\/wp-json\/wp\/v2\/pages\/2096","targetHints":{"allow":["GET"]}}],"collection":[{"href":"https:\/\/grupoamber.com.mx\/en\/wp-json\/wp\/v2\/pages"}],"about":[{"href":"https:\/\/grupoamber.com.mx\/en\/wp-json\/wp\/v2\/types\/page"}],"author":[{"embeddable":true,"href":"https:\/\/grupoamber.com.mx\/en\/wp-json\/wp\/v2\/users\/1"}],"replies":[{"embeddable":true,"href":"https:\/\/grupoamber.com.mx\/en\/wp-json\/wp\/v2\/comments?post=2096"}],"version-history":[{"count":88,"href":"https:\/\/grupoamber.com.mx\/en\/wp-json\/wp\/v2\/pages\/2096\/revisions"}],"predecessor-version":[{"id":2832,"href":"https:\/\/grupoamber.com.mx\/en\/wp-json\/wp\/v2\/pages\/2096\/revisions\/2832"}],"wp:attachment":[{"href":"https:\/\/grupoamber.com.mx\/en\/wp-json\/wp\/v2\/media?parent=2096"}],"curies":[{"name":"wp","href":"https:\/\/api.w.org\/{rel}","templated":true}]}}